{"id":8278,"date":"2024-03-01T16:00:40","date_gmt":"2024-03-01T15:00:40","guid":{"rendered":"http:\/\/www.torrepalombara.com\/dinner-at-torre-palombara\/"},"modified":"2024-03-27T16:57:25","modified_gmt":"2024-03-27T15:57:25","slug":"aperitivo-a-torre-palombara","status":"publish","type":"page","link":"https:\/\/www.torrepalombara.com\/it\/aperitivo-a-torre-palombara\/","title":{"rendered":"Aperitivo a Torre Palombara"},"content":{"rendered":"\t\t<div data-elementor-type=\"wp-page\" data-elementor-id=\"8278\" class=\"elementor elementor-8278 elementor-7469\" data-elementor-post-type=\"page\">\n\t\t\t\t\t\t\t\t\t<section class=\"elementor-section elementor-top-section elementor-element elementor-element-45bee4a cs-section-content-fullwidth elementor-section-content-middle elementor-section-boxed elementor-section-height-default elementor-section-height-default\" data-id=\"45bee4a\" data-element_type=\"section\" data-settings=\"{&quot;background_background&quot;:&quot;classic&quot;}\">\n\t\t\t\t\t\t<div class=\"elementor-container elementor-column-gap-no\">\n\t\t\t\t\t<div class=\"elementor-column elementor-col-50 elementor-top-column elementor-element elementor-element-7c37316\" data-id=\"7c37316\" data-element_type=\"column\" data-settings=\"{&quot;background_background&quot;:&quot;classic&quot;}\">\n\t\t\t<div class=\"elementor-widget-wrap elementor-element-populated\">\n\t\t\t\t\t\t\t\t<div class=\"elementor-element elementor-element-b570551 elementor-widget__width-initial mod-oro elementor-widget elementor-widget-cs_title\" data-id=\"b570551\" data-element_type=\"widget\" data-widget_type=\"cs_title.default\">\n\t\t\t\t<div class=\"elementor-widget-container\">\n\t\t\t\n        <div class=\"cs-title-wrap\">\t            <h3 class=\"cs-title\">\n\t                 Aperitivo al tramonto\t            <\/h3>\t            <div class=\"cs-title-text\">\n\t                <p>Un assaggio di Umbria<\/p>\t            <\/div>        <\/div>\t\t<\/div>\n\t\t\t\t<\/div>\n\t\t\t\t<div class=\"elementor-element elementor-element-e6f93a5 elementor-widget__width-initial mod-oro elementor-widget elementor-widget-cs_title\" data-id=\"e6f93a5\" data-element_type=\"widget\" data-widget_type=\"cs_title.default\">\n\t\t\t\t<div class=\"elementor-widget-container\">\n\t\t\t\n        <div class=\"cs-title-wrap\">\t            <div class=\"cs-title-text\">\n\t                <p>\u00a0A Torre Palombara offriamo su richiesta l\u2019esperienza di un tagliere di degustazione che potrete assaporare la sera al tramonto davanti ad un magnifico paesaggio.\u00a0<\/p>\t            <\/div>        <\/div>\t\t<\/div>\n\t\t\t\t<\/div>\n\t\t\t\t\t<\/div>\n\t\t<\/div>\n\t\t\t\t<div class=\"elementor-column elementor-col-50 elementor-top-column elementor-element elementor-element-8f6129b\" data-id=\"8f6129b\" data-element_type=\"column\" data-settings=\"{&quot;background_background&quot;:&quot;slideshow&quot;,&quot;background_slideshow_gallery&quot;:[],&quot;background_slideshow_loop&quot;:&quot;yes&quot;,&quot;background_slideshow_slide_duration&quot;:5000,&quot;background_slideshow_slide_transition&quot;:&quot;fade&quot;,&quot;background_slideshow_transition_duration&quot;:500}\">\n\t\t\t<div class=\"elementor-widget-wrap elementor-element-populated\">\n\t\t\t\t\t\t\t\t<div class=\"elementor-element elementor-element-8e7095c elementor-widget elementor-widget-video\" data-id=\"8e7095c\" data-element_type=\"widget\" data-settings=\"{&quot;video_type&quot;:&quot;hosted&quot;,&quot;autoplay&quot;:&quot;yes&quot;,&quot;mute&quot;:&quot;yes&quot;,&quot;loop&quot;:&quot;yes&quot;,&quot;controls&quot;:&quot;yes&quot;}\" data-widget_type=\"video.default\">\n\t\t\t\t<div class=\"elementor-widget-container\">\n\t\t\t<style>\/*! elementor - v3.18.0 - 20-12-2023 *\/\n.elementor-widget-video .elementor-widget-container{overflow:hidden;transform:translateZ(0)}.elementor-widget-video .elementor-wrapper{aspect-ratio:var(--video-aspect-ratio)}.elementor-widget-video .elementor-wrapper iframe,.elementor-widget-video .elementor-wrapper video{height:100%;width:100%;display:flex;border:none;background-color:#000}@supports not (aspect-ratio:1\/1){.elementor-widget-video .elementor-wrapper{position:relative;overflow:hidden;height:0;padding-bottom:calc(100% \/ var(--video-aspect-ratio))}.elementor-widget-video .elementor-wrapper iframe,.elementor-widget-video .elementor-wrapper video{position:absolute;top:0;right:0;bottom:0;left:0}}.elementor-widget-video .elementor-open-inline .elementor-custom-embed-image-overlay{position:absolute;top:0;right:0;bottom:0;left:0;background-size:cover;background-position:50%}.elementor-widget-video .elementor-custom-embed-image-overlay{cursor:pointer;text-align:center}.elementor-widget-video .elementor-custom-embed-image-overlay:hover .elementor-custom-embed-play i{opacity:1}.elementor-widget-video .elementor-custom-embed-image-overlay img{display:block;width:100%;aspect-ratio:var(--video-aspect-ratio);-o-object-fit:cover;object-fit:cover;-o-object-position:center center;object-position:center center}@supports not (aspect-ratio:1\/1){.elementor-widget-video .elementor-custom-embed-image-overlay{position:relative;overflow:hidden;height:0;padding-bottom:calc(100% \/ var(--video-aspect-ratio))}.elementor-widget-video .elementor-custom-embed-image-overlay img{position:absolute;top:0;right:0;bottom:0;left:0}}.elementor-widget-video .e-hosted-video .elementor-video{-o-object-fit:cover;object-fit:cover}.e-con-inner>.elementor-widget-video,.e-con>.elementor-widget-video{width:var(--container-widget-width);--flex-grow:var(--container-widget-flex-grow)}<\/style>\t\t<div class=\"e-hosted-video elementor-wrapper elementor-open-inline\">\n\t\t\t\t\t<video class=\"elementor-video\" src=\"https:\/\/www.torrepalombara.com\/wp-content\/uploads\/2024\/03\/ea650d9d976d48fdacbd0cc71de6ecce-1.mov\" autoplay=\"\" loop=\"\" controls=\"\" muted=\"muted\" controlsList=\"nodownload\"><\/video>\n\t\t\t\t<\/div>\n\t\t\t\t<\/div>\n\t\t\t\t<\/div>\n\t\t\t\t\t<\/div>\n\t\t<\/div>\n\t\t\t\t\t\t\t<\/div>\n\t\t<\/section>\n\t\t\t\t<section class=\"elementor-section elementor-top-section elementor-element elementor-element-d286026 cs-section-content-fullwidth elementor-section-content-middle elementor-reverse-tablet elementor-reverse-mobile elementor-section-boxed elementor-section-height-default elementor-section-height-default\" data-id=\"d286026\" data-element_type=\"section\" data-settings=\"{&quot;background_background&quot;:&quot;classic&quot;}\">\n\t\t\t\t\t\t<div class=\"elementor-container elementor-column-gap-no\">\n\t\t\t\t\t<div class=\"elementor-column elementor-col-50 elementor-top-column elementor-element elementor-element-b2af37f\" data-id=\"b2af37f\" data-element_type=\"column\">\n\t\t\t<div class=\"elementor-widget-wrap elementor-element-populated\">\n\t\t\t\t\t\t\t\t<div class=\"elementor-element elementor-element-3ac2cab elementor-widget elementor-widget-image\" data-id=\"3ac2cab\" data-element_type=\"widget\" data-widget_type=\"image.default\">\n\t\t\t\t<div class=\"elementor-widget-container\">\n\t\t\t<style>\/*! elementor - v3.18.0 - 20-12-2023 *\/\n.elementor-widget-image{text-align:center}.elementor-widget-image a{display:inline-block}.elementor-widget-image a img[src$=\".svg\"]{width:48px}.elementor-widget-image img{vertical-align:middle;display:inline-block}<\/style>\t\t\t\t\t\t\t\t\t\t\t\t<img decoding=\"async\" src=\"https:\/\/www.torrepalombara.com\/wp-content\/uploads\/elementor\/thumbs\/torre-4-qgqych0r0g7fbq6jz9gebzfmdjtrtfwbx7g81abuko.png\" title=\"torre 4\" alt=\"torre 4\" loading=\"lazy\" \/>\t\t\t\t\t\t\t\t\t\t\t\t\t\t\t<\/div>\n\t\t\t\t<\/div>\n\t\t\t\t\t<\/div>\n\t\t<\/div>\n\t\t\t\t<div class=\"elementor-column elementor-col-50 elementor-top-column elementor-element elementor-element-50a729b\" data-id=\"50a729b\" data-element_type=\"column\" data-settings=\"{&quot;background_background&quot;:&quot;classic&quot;}\">\n\t\t\t<div class=\"elementor-widget-wrap elementor-element-populated\">\n\t\t\t\t\t\t\t\t<div class=\"elementor-element elementor-element-581d646 elementor-widget__width-initial mod-oro elementor-widget elementor-widget-cs_title\" data-id=\"581d646\" data-element_type=\"widget\" data-widget_type=\"cs_title.default\">\n\t\t\t\t<div class=\"elementor-widget-container\">\n\t\t\t\n        <div class=\"cs-title-wrap\">\t            <div class=\"cs-title-text\">\n\t                <p>Il nostro tagliere \u00e8 una esperienza unica di prodotti locali a chilometro zero.<\/p><p>Il tagliere pu\u00f2 variare in base alla stagione ed \u00e8 composto da salumi, formaggi, verdure di stagione, legumi, tartufo ed olio d\u2019oliva.<br \/>Il tagliere pu\u00f2 anche prevedere una versione vegetariana.<br \/>Abbiniamo il tagliere da una<br \/>piccola selezioni di eccellenti vini umbri.<\/p>\t            <\/div>        <\/div>\t\t<\/div>\n\t\t\t\t<\/div>\n\t\t\t\t\t<\/div>\n\t\t<\/div>\n\t\t\t\t\t\t\t<\/div>\n\t\t<\/section>\n\t\t\t\t<section class=\"elementor-section elementor-top-section elementor-element elementor-element-dc749b6 cs_scroll_y_120 cs-parallax-on-scroll cs-animation-small-offset elementor-section-full_width elementor-section-height-default elementor-section-height-default elementor-invisible\" data-id=\"dc749b6\" data-element_type=\"section\" data-settings=\"{&quot;background_background&quot;:&quot;classic&quot;,&quot;animation&quot;:&quot;fadeInUp&quot;,&quot;animation_delay&quot;:150}\" data-cs-parallax-y=\"120\">\n\t\t\t\t\t\t\t<div class=\"elementor-background-overlay\"><\/div>\n\t\t\t\t\t\t\t<div class=\"elementor-container elementor-column-gap-default\">\n\t\t\t\t\t<div class=\"elementor-column elementor-col-33 elementor-top-column elementor-element elementor-element-b17f71d dark-color\" data-id=\"b17f71d\" data-element_type=\"column\" data-settings=\"{&quot;background_background&quot;:&quot;classic&quot;}\">\n\t\t\t<div class=\"elementor-widget-wrap elementor-element-populated\">\n\t\t\t\t\t\t\t\t<div class=\"elementor-element elementor-element-505e1a8 elementor-widget elementor-widget-spacer\" data-id=\"505e1a8\" data-element_type=\"widget\" data-widget_type=\"spacer.default\">\n\t\t\t\t<div class=\"elementor-widget-container\">\n\t\t\t<style>\/*! elementor - v3.18.0 - 20-12-2023 *\/\n.elementor-column .elementor-spacer-inner{height:var(--spacer-size)}.e-con{--container-widget-width:100%}.e-con-inner>.elementor-widget-spacer,.e-con>.elementor-widget-spacer{width:var(--container-widget-width,var(--spacer-size));--align-self:var(--container-widget-align-self,initial);--flex-shrink:0}.e-con-inner>.elementor-widget-spacer>.elementor-widget-container,.e-con>.elementor-widget-spacer>.elementor-widget-container{height:100%;width:100%}.e-con-inner>.elementor-widget-spacer>.elementor-widget-container>.elementor-spacer,.e-con>.elementor-widget-spacer>.elementor-widget-container>.elementor-spacer{height:100%}.e-con-inner>.elementor-widget-spacer>.elementor-widget-container>.elementor-spacer>.elementor-spacer-inner,.e-con>.elementor-widget-spacer>.elementor-widget-container>.elementor-spacer>.elementor-spacer-inner{height:var(--container-widget-height,var(--spacer-size))}.e-con-inner>.elementor-widget-spacer.elementor-widget-empty,.e-con>.elementor-widget-spacer.elementor-widget-empty{position:relative;min-height:22px;min-width:22px}.e-con-inner>.elementor-widget-spacer.elementor-widget-empty .elementor-widget-empty-icon,.e-con>.elementor-widget-spacer.elementor-widget-empty .elementor-widget-empty-icon{position:absolute;top:0;bottom:0;left:0;right:0;margin:auto;padding:0;width:22px;height:22px}<\/style>\t\t<div class=\"elementor-spacer\">\n\t\t\t<div class=\"elementor-spacer-inner\"><\/div>\n\t\t<\/div>\n\t\t\t\t<\/div>\n\t\t\t\t<\/div>\n\t\t\t\t\t<\/div>\n\t\t<\/div>\n\t\t\t\t<div class=\"elementor-column elementor-col-33 elementor-top-column elementor-element elementor-element-d19eadc dark-color\" data-id=\"d19eadc\" data-element_type=\"column\" data-settings=\"{&quot;background_background&quot;:&quot;classic&quot;}\">\n\t\t\t<div class=\"elementor-widget-wrap elementor-element-populated\">\n\t\t\t\t\t\t\t\t<div class=\"elementor-element elementor-element-ad59385 elementor-widget elementor-widget-spacer\" data-id=\"ad59385\" data-element_type=\"widget\" data-widget_type=\"spacer.default\">\n\t\t\t\t<div class=\"elementor-widget-container\">\n\t\t\t\t\t<div class=\"elementor-spacer\">\n\t\t\t<div class=\"elementor-spacer-inner\"><\/div>\n\t\t<\/div>\n\t\t\t\t<\/div>\n\t\t\t\t<\/div>\n\t\t\t\t\t<\/div>\n\t\t<\/div>\n\t\t\t\t<div class=\"elementor-column elementor-col-33 elementor-top-column elementor-element elementor-element-78aa991 dark-color\" data-id=\"78aa991\" data-element_type=\"column\" data-settings=\"{&quot;background_background&quot;:&quot;classic&quot;}\">\n\t\t\t<div class=\"elementor-widget-wrap elementor-element-populated\">\n\t\t\t\t\t\t\t\t<div class=\"elementor-element elementor-element-c18351f elementor-widget elementor-widget-spacer\" data-id=\"c18351f\" data-element_type=\"widget\" data-widget_type=\"spacer.default\">\n\t\t\t\t<div class=\"elementor-widget-container\">\n\t\t\t\t\t<div class=\"elementor-spacer\">\n\t\t\t<div class=\"elementor-spacer-inner\"><\/div>\n\t\t<\/div>\n\t\t\t\t<\/div>\n\t\t\t\t<\/div>\n\t\t\t\t\t<\/div>\n\t\t<\/div>\n\t\t\t\t\t\t\t<\/div>\n\t\t<\/section>\n\t\t\t\t\t\t\t<\/div>\n\t\t","protected":false},"excerpt":{"rendered":"<p>Aperitivo al tramonto Un assaggio di Umbria \u00a0A Torre Palombara offriamo su richiesta l\u2019esperienza di un tagliere di degustazione che potrete assaporare la sera al tramonto davanti ad un magnifico paesaggio.\u00a0 https:\/\/www.torrepalombara.com\/wp-content\/uploads\/2024\/03\/ea650d9d976d48fdacbd0cc71de6ecce-1.mov Il nostro tagliere \u00e8 una esperienza unica di prodotti locali a chilometro zero. Il tagliere pu\u00f2 variare in base alla stagione ed \u00e8 &#8230;<\/p>\n","protected":false},"author":1,"featured_media":0,"parent":0,"menu_order":0,"comment_status":"closed","ping_status":"closed","template":"template-wide-content.php","meta":{"cozystay_single_page_hide_site_header":"","cozystay_single_page_site_header_source":"","cozystay_single_page_custom_site_header":"0","cozystay_single_page_custom_sticky_site_header":"0","cozystay_single_page_hide_page_title":"on","cozystay_single_page_header_section_size":"","cozystay_single_page_header_background_color":"","cozystay_single_page_header_background_position_x":"center","cozystay_single_page_header_background_position_y":"center","cozystay_single_page_header_background_size":"cover","cozystay_single_page_header_background_repeat":"off","cozystay_single_page_header_background_scroll":"on","cozystay_single_page_header_text_color":"","cozystay_single_page_header_show_breadcrumb":"","cozystay_single_page_site_footer_hide_main":"","cozystay_single_custom_site_footer_main_source":"","cozystay_single_custom_site_footer_main":"0","cozystay_single_page_site_footer_hide_above":"","cozystay_single_custom_site_footer_above_source":"","cozystay_single_custom_site_footer_above":"0","cozystay_single_page_site_footer_hide_instagram":"","cozystay_single_page_site_footer_hide_bottom":"","cozystay_single_custom_mobile_menu_source":"","cozystay_single_custom_mobile_menu":"0","cozystay_single_custom_mobile_menu_animation":"","cozystay_single_custom_mobile_menu_width":"","cozystay_single_custom_mobile_menu_custom_width":375,"footnotes":""},"class_list":["post-8278","page","type-page","status-publish","hentry"],"yoast_head":"<!-- This site is optimized with the Yoast SEO plugin v22.3 - https:\/\/yoast.com\/wordpress\/plugins\/seo\/ -->\n<title>Aperitivo a Torre Palombara - Torre Palombara<\/title>\n<meta name=\"robots\" content=\"index, follow, max-snippet:-1, max-image-preview:large, max-video-preview:-1\" \/>\n<link rel=\"canonical\" href=\"https:\/\/www.torrepalombara.com\/dinner-at-torre-palombara\/\" \/>\n<meta property=\"og:locale\" content=\"it_IT\" \/>\n<meta property=\"og:type\" content=\"article\" \/>\n<meta property=\"og:title\" content=\"Aperitivo a Torre Palombara - Torre Palombara\" \/>\n<meta property=\"og:description\" content=\"Aperitivo al tramonto Un assaggio di Umbria \u00a0A Torre Palombara offriamo su richiesta l\u2019esperienza di un tagliere di degustazione che potrete assaporare la sera al tramonto davanti ad un magnifico paesaggio.\u00a0 https:\/\/www.torrepalombara.com\/wp-content\/uploads\/2024\/03\/ea650d9d976d48fdacbd0cc71de6ecce-1.mov Il nostro tagliere \u00e8 una esperienza unica di prodotti locali a chilometro zero. Il tagliere pu\u00f2 variare in base alla stagione ed \u00e8 ...\" \/>\n<meta property=\"og:url\" content=\"https:\/\/www.torrepalombara.com\/dinner-at-torre-palombara\/\" \/>\n<meta property=\"og:site_name\" content=\"Torre Palombara\" \/>\n<meta property=\"article:modified_time\" content=\"2024-03-27T15:57:25+00:00\" \/>\n<meta property=\"og:image\" content=\"https:\/\/www.torrepalombara.com\/wp-content\/uploads\/elementor\/thumbs\/torre-4-qgqych0r0g7fbq6jz9gebzfmdjtrtfwbx7g7y4m214.png\" \/>\n<meta name=\"twitter:card\" content=\"summary_large_image\" \/>\n<meta name=\"twitter:label1\" content=\"Tempo di lettura stimato\" \/>\n\t<meta name=\"twitter:data1\" content=\"1 minuto\" \/>\n<script type=\"application\/ld+json\" class=\"yoast-schema-graph\">{\"@context\":\"https:\/\/schema.org\",\"@graph\":[{\"@type\":\"WebPage\",\"@id\":\"https:\/\/www.torrepalombara.com\/dinner-at-torre-palombara\/\",\"url\":\"https:\/\/www.torrepalombara.com\/dinner-at-torre-palombara\/\",\"name\":\"Aperitivo a Torre Palombara - Torre Palombara\",\"isPartOf\":{\"@id\":\"https:\/\/www.torrepalombara.com\/#website\"},\"primaryImageOfPage\":{\"@id\":\"https:\/\/www.torrepalombara.com\/dinner-at-torre-palombara\/#primaryimage\"},\"image\":{\"@id\":\"https:\/\/www.torrepalombara.com\/dinner-at-torre-palombara\/#primaryimage\"},\"thumbnailUrl\":\"https:\/\/www.torrepalombara.com\/wp-content\/uploads\/elementor\/thumbs\/torre-4-qgqych0r0g7fbq6jz9gebzfmdjtrtfwbx7g7y4m214.png\",\"datePublished\":\"2024-03-01T15:00:40+00:00\",\"dateModified\":\"2024-03-27T15:57:25+00:00\",\"breadcrumb\":{\"@id\":\"https:\/\/www.torrepalombara.com\/dinner-at-torre-palombara\/#breadcrumb\"},\"inLanguage\":\"it-IT\",\"potentialAction\":[{\"@type\":\"ReadAction\",\"target\":[\"https:\/\/www.torrepalombara.com\/dinner-at-torre-palombara\/\"]}]},{\"@type\":\"ImageObject\",\"inLanguage\":\"it-IT\",\"@id\":\"https:\/\/www.torrepalombara.com\/dinner-at-torre-palombara\/#primaryimage\",\"url\":\"https:\/\/www.torrepalombara.com\/wp-content\/uploads\/elementor\/thumbs\/torre-4-qgqych0r0g7fbq6jz9gebzfmdjtrtfwbx7g7y4m214.png\",\"contentUrl\":\"https:\/\/www.torrepalombara.com\/wp-content\/uploads\/elementor\/thumbs\/torre-4-qgqych0r0g7fbq6jz9gebzfmdjtrtfwbx7g7y4m214.png\"},{\"@type\":\"BreadcrumbList\",\"@id\":\"https:\/\/www.torrepalombara.com\/dinner-at-torre-palombara\/#breadcrumb\",\"itemListElement\":[{\"@type\":\"ListItem\",\"position\":1,\"name\":\"Home\",\"item\":\"https:\/\/www.torrepalombara.com\/\"},{\"@type\":\"ListItem\",\"position\":2,\"name\":\"Aperitivo a Torre Palombara\"}]},{\"@type\":\"WebSite\",\"@id\":\"https:\/\/www.torrepalombara.com\/#website\",\"url\":\"https:\/\/www.torrepalombara.com\/\",\"name\":\"Torre Palombara\",\"description\":\"\",\"potentialAction\":[{\"@type\":\"SearchAction\",\"target\":{\"@type\":\"EntryPoint\",\"urlTemplate\":\"https:\/\/www.torrepalombara.com\/?s={search_term_string}\"},\"query-input\":\"required name=search_term_string\"}],\"inLanguage\":\"it-IT\"}]}<\/script>\n<!-- \/ Yoast SEO plugin. -->","yoast_head_json":{"title":"Aperitivo a Torre Palombara - Torre Palombara","robots":{"index":"index","follow":"follow","max-snippet":"max-snippet:-1","max-image-preview":"max-image-preview:large","max-video-preview":"max-video-preview:-1"},"canonical":"https:\/\/www.torrepalombara.com\/dinner-at-torre-palombara\/","og_locale":"it_IT","og_type":"article","og_title":"Aperitivo a Torre Palombara - Torre Palombara","og_description":"Aperitivo al tramonto Un assaggio di Umbria \u00a0A Torre Palombara offriamo su richiesta l\u2019esperienza di un tagliere di degustazione che potrete assaporare la sera al tramonto davanti ad un magnifico paesaggio.\u00a0 https:\/\/www.torrepalombara.com\/wp-content\/uploads\/2024\/03\/ea650d9d976d48fdacbd0cc71de6ecce-1.mov Il nostro tagliere \u00e8 una esperienza unica di prodotti locali a chilometro zero. Il tagliere pu\u00f2 variare in base alla stagione ed \u00e8 ...","og_url":"https:\/\/www.torrepalombara.com\/dinner-at-torre-palombara\/","og_site_name":"Torre Palombara","article_modified_time":"2024-03-27T15:57:25+00:00","og_image":[{"url":"https:\/\/www.torrepalombara.com\/wp-content\/uploads\/elementor\/thumbs\/torre-4-qgqych0r0g7fbq6jz9gebzfmdjtrtfwbx7g7y4m214.png"}],"twitter_card":"summary_large_image","twitter_misc":{"Tempo di lettura stimato":"1 minuto"},"schema":{"@context":"https:\/\/schema.org","@graph":[{"@type":"WebPage","@id":"https:\/\/www.torrepalombara.com\/dinner-at-torre-palombara\/","url":"https:\/\/www.torrepalombara.com\/dinner-at-torre-palombara\/","name":"Aperitivo a Torre Palombara - Torre Palombara","isPartOf":{"@id":"https:\/\/www.torrepalombara.com\/#website"},"primaryImageOfPage":{"@id":"https:\/\/www.torrepalombara.com\/dinner-at-torre-palombara\/#primaryimage"},"image":{"@id":"https:\/\/www.torrepalombara.com\/dinner-at-torre-palombara\/#primaryimage"},"thumbnailUrl":"https:\/\/www.torrepalombara.com\/wp-content\/uploads\/elementor\/thumbs\/torre-4-qgqych0r0g7fbq6jz9gebzfmdjtrtfwbx7g7y4m214.png","datePublished":"2024-03-01T15:00:40+00:00","dateModified":"2024-03-27T15:57:25+00:00","breadcrumb":{"@id":"https:\/\/www.torrepalombara.com\/dinner-at-torre-palombara\/#breadcrumb"},"inLanguage":"it-IT","potentialAction":[{"@type":"ReadAction","target":["https:\/\/www.torrepalombara.com\/dinner-at-torre-palombara\/"]}]},{"@type":"ImageObject","inLanguage":"it-IT","@id":"https:\/\/www.torrepalombara.com\/dinner-at-torre-palombara\/#primaryimage","url":"https:\/\/www.torrepalombara.com\/wp-content\/uploads\/elementor\/thumbs\/torre-4-qgqych0r0g7fbq6jz9gebzfmdjtrtfwbx7g7y4m214.png","contentUrl":"https:\/\/www.torrepalombara.com\/wp-content\/uploads\/elementor\/thumbs\/torre-4-qgqych0r0g7fbq6jz9gebzfmdjtrtfwbx7g7y4m214.png"},{"@type":"BreadcrumbList","@id":"https:\/\/www.torrepalombara.com\/dinner-at-torre-palombara\/#breadcrumb","itemListElement":[{"@type":"ListItem","position":1,"name":"Home","item":"https:\/\/www.torrepalombara.com\/"},{"@type":"ListItem","position":2,"name":"Aperitivo a Torre Palombara"}]},{"@type":"WebSite","@id":"https:\/\/www.torrepalombara.com\/#website","url":"https:\/\/www.torrepalombara.com\/","name":"Torre Palombara","description":"","potentialAction":[{"@type":"SearchAction","target":{"@type":"EntryPoint","urlTemplate":"https:\/\/www.torrepalombara.com\/?s={search_term_string}"},"query-input":"required name=search_term_string"}],"inLanguage":"it-IT"}]}},"_links":{"self":[{"href":"https:\/\/www.torrepalombara.com\/it\/wp-json\/wp\/v2\/pages\/8278","targetHints":{"allow":["GET"]}}],"collection":[{"href":"https:\/\/www.torrepalombara.com\/it\/wp-json\/wp\/v2\/pages"}],"about":[{"href":"https:\/\/www.torrepalombara.com\/it\/wp-json\/wp\/v2\/types\/page"}],"author":[{"embeddable":true,"href":"https:\/\/www.torrepalombara.com\/it\/wp-json\/wp\/v2\/users\/1"}],"replies":[{"embeddable":true,"href":"https:\/\/www.torrepalombara.com\/it\/wp-json\/wp\/v2\/comments?post=8278"}],"version-history":[{"count":107,"href":"https:\/\/www.torrepalombara.com\/it\/wp-json\/wp\/v2\/pages\/8278\/revisions"}],"predecessor-version":[{"id":11407,"href":"https:\/\/www.torrepalombara.com\/it\/wp-json\/wp\/v2\/pages\/8278\/revisions\/11407"}],"wp:attachment":[{"href":"https:\/\/www.torrepalombara.com\/it\/wp-json\/wp\/v2\/media?parent=8278"}],"curies":[{"name":"wp","href":"https:\/\/api.w.org\/{rel}","templated":true}]}}